{"id":5,"date":"2014-09-28T19:44:09","date_gmt":"2014-09-28T17:44:09","guid":{"rendered":"http:\/\/kms-bewachungen.de\/?page_id=5"},"modified":"2017-01-21T12:24:08","modified_gmt":"2017-01-21T10:24:08","slug":"kunst-auf-reisen","status":"publish","type":"page","link":"http:\/\/kms-bewachungen.de\/?page_id=5","title":{"rendered":"Kunst auf Reisen"},"content":{"rendered":"<p>erfordert heute mehr denn je ein sorgf\u00e4ltiges und verantwortungsbewusstes Handeln.<br \/>\nDazu geh\u00f6rt besonders die integrale Sicherheit.<br \/>\nSeit 20\u00a0Jahren in der \u00dcberwachung des Kunstumschlages auf dem Frankfurter Flughafen t\u00e4tig, sowie Betreuer zahlreicher Kuriere, k\u00f6nnen wir Ihnen die \u00dcberwachung auch bis zum Bestimmungsort anbieten.<br \/>\nQualifizierte und der Sensibilit\u00e4t der zu sch\u00fctzenden Ware bewusste Transportbegleiter, gew\u00e4hrleisten ein hohes Ma\u00df an individueller Sicherheit bei jedem Kunsttransport.<br \/>\nKMS Sicherheitsmitarbeiter werden nach strengsten Ma\u00dfst\u00e4ben ausgew\u00e4hlt.<br \/>\nDas Verst\u00e4ndnis, dass es sich bei Kunst um nicht ersetzbare Schutzware handelt, ist bei jedem ausgepr\u00e4gt vorhanden.<br \/>\nAuch werden die Kuriere und Begleiter w\u00e4hrend des Transportes bestens betreut, und auf Wunsch in die Sicherungsma\u00dfnahmen integriert. Ein gepflegtes und sauberes Auftreten sowie Fremdsprachenkenntnis bei den Mitarbeitern von KMS sind f\u00fcr uns eine Selbstverst\u00e4ndlichkeit.<br \/>\nSicherheit nach Ma\u00df, und kein pauschalisiertes Vorgehen, mit dem Bestreben nach kontinuierlich hoher Qualit\u00e4t unserer Dienstleistungen, um unseren Kunden ein zuverl\u00e4ssiger und kompetenter Partner zu sein, ist unser Gesch\u00e4ftsprinzip.<\/p>\n","protected":false},"excerpt":{"rendered":"<p>erfordert heute mehr denn je ein sorgf\u00e4ltiges und verantwortungsbewusstes Handeln. Dazu geh\u00f6rt besonders die integrale Sicherheit. Seit 20\u00a0Jahren in der \u00dcberwachung des Kunstumschlages auf dem Frankfurter Flughafen t\u00e4tig, sowie Betreuer zahlreicher Kuriere, k\u00f6nnen wir Ihnen die \u00dcberwachung auch bis zum Bestimmungsort anbieten. Qualifizierte und der Sensibilit\u00e4t der zu sch\u00fctzenden Ware bewusste Transportbegleiter, gew\u00e4hrleisten ein hohes [&hellip;]<\/p>\n","protected":false},"author":1,"featured_media":0,"parent":0,"menu_order":5,"comment_status":"closed","ping_status":"closed","template":"","meta":{"footnotes":""},"class_list":["post-5","page","type-page","status-publish","hentry"],"_links":{"self":[{"href":"http:\/\/kms-bewachungen.de\/index.php?rest_route=\/wp\/v2\/pages\/5","targetHints":{"allow":["GET"]}}],"collection":[{"href":"http:\/\/kms-bewachungen.de\/index.php?rest_route=\/wp\/v2\/pages"}],"about":[{"href":"http:\/\/kms-bewachungen.de\/index.php?rest_route=\/wp\/v2\/types\/page"}],"author":[{"embeddable":true,"href":"http:\/\/kms-bewachungen.de\/index.php?rest_route=\/wp\/v2\/users\/1"}],"replies":[{"embeddable":true,"href":"http:\/\/kms-bewachungen.de\/index.php?rest_route=%2Fwp%2Fv2%2Fcomments&post=5"}],"version-history":[{"count":6,"href":"http:\/\/kms-bewachungen.de\/index.php?rest_route=\/wp\/v2\/pages\/5\/revisions"}],"predecessor-version":[{"id":78,"href":"http:\/\/kms-bewachungen.de\/index.php?rest_route=\/wp\/v2\/pages\/5\/revisions\/78"}],"wp:attachment":[{"href":"http:\/\/kms-bewachungen.de\/index.php?rest_route=%2Fwp%2Fv2%2Fmedia&parent=5"}],"curies":[{"name":"wp","href":"https:\/\/api.w.org\/{rel}","templated":true}]}}